{"id":9321,"date":"2024-03-01T15:47:27","date_gmt":"2024-03-01T15:47:27","guid":{"rendered":"https:\/\/newmcpedras.chitas.cloud\/services\/"},"modified":"2024-08-06T11:35:30","modified_gmt":"2024-08-06T11:35:30","slug":"services","status":"publish","type":"page","link":"https:\/\/pedrasmc.com\/fr\/services\/","title":{"rendered":"Services"},"content":{"rendered":"\t\t<div data-elementor-type=\"wp-page\" data-elementor-id=\"9321\" class=\"elementor elementor-9321 elementor-26\" data-elementor-post-type=\"page\">\n\t\t\t\t<div class=\"elementor-element elementor-element-cf3615b e-con-full e-flex e-con e-parent\" data-id=\"cf3615b\" data-element_type=\"container\" data-settings=\"{&quot;background_background&quot;:&quot;classic&quot;}\">\n\t\t<div class=\"elementor-element elementor-element-8540afe e-con-full e-flex e-con e-child\" data-id=\"8540afe\" data-element_type=\"container\">\n\t\t\t\t<div class=\"elementor-element elementor-element-ce443f0 elementor-widget__width-initial elementor-fixed e-transform elementor-widget elementor-widget-progress-tracker\" data-id=\"ce443f0\" data-element_type=\"widget\" data-settings=\"{&quot;_position&quot;:&quot;fixed&quot;,&quot;_transform_rotateZ_effect&quot;:{&quot;unit&quot;:&quot;px&quot;,&quot;size&quot;:90,&quot;sizes&quot;:[]},&quot;type&quot;:&quot;horizontal&quot;,&quot;relative_to&quot;:&quot;entire_page&quot;,&quot;_transform_rotateZ_effect_laptop&quot;:{&quot;unit&quot;:&quot;deg&quot;,&quot;size&quot;:&quot;&quot;,&quot;sizes&quot;:[]},&quot;_transform_rotateZ_effect_tablet&quot;:{&quot;unit&quot;:&quot;deg&quot;,&quot;size&quot;:&quot;&quot;,&quot;sizes&quot;:[]},&quot;_transform_rotateZ_effect_mobile&quot;:{&quot;unit&quot;:&quot;deg&quot;,&quot;size&quot;:&quot;&quot;,&quot;sizes&quot;:[]}}\" data-widget_type=\"progress-tracker.default\">\n\t\t\t\t<div class=\"elementor-widget-container\">\n\t\t\t<style>\/*! elementor-pro - v3.21.0 - 20-05-2024 *\/\n.elementor-scrolling-tracker{--scrolling-track-default-progress-color:#61ce70;--scrolling-track-default-color:#eee;--scrolling-track-precentage-default-color:$black}.elementor-scrolling-tracker-horizontal{display:flex;width:100%;height:var(--horizontal-height,20px);padding:var(--tracker-padding);align-items:center;border-left:var(--horizontal-border-left-width,2px) var(--horizontal-border-style) var(--horizontal-border-color);border-bottom:var(--horizontal-border-bottom-width,2px) var(--horizontal-border-style) var(--horizontal-border-color);border-right:var(--horizontal-border-right-width,2px) var(--horizontal-border-style) var(--horizontal-border-color);border-top:var(--horizontal-border-top-width,2px) var(--horizontal-border-style) var(--horizontal-border-color);border-radius:var(--border-radius);background-color:var(--scrolling-track-default-color);direction:var(--direction)}.elementor-scrolling-tracker-horizontal .current-progress{display:none;height:100%;align-items:center;position:relative;border-radius:var(--progress-border-radius);border-left:var(--horizontal-progress-border-left-width,2px) var(--horizontal-progress-border) var(--horizontal-progress-border-color);border-bottom:var(--horizontal-progress-border-bottom-width,2px) var(--horizontal-progress-border) var(--horizontal-progress-border-color);border-right:var(--horizontal-progress-border-right-width,2px) var(--horizontal-progress-border) var(--horizontal-progress-border-color);border-top:var(--horizontal-progress-border-top-width,2px) var(--horizontal-progress-border) var(--horizontal-progress-border-color);background-color:var(--scrolling-track-default-progress-color)}.elementor-scrolling-tracker-horizontal .current-progress .current-progress-percentage{inset-inline-end:.5em;inset-inline-start:auto;position:absolute;direction:var(--text-direction);color:var(--percentage-color,var(--scrolling-track-precentage-default-color))}.elementor-scrolling-tracker-circular{display:flex;width:var(--circular-width,100px);height:var(--circular-height,100px);align-items:center;justify-content:center;position:relative;margin-inline-start:0;margin-inline-end:auto}.elementor-scrolling-tracker-circular .current-progress-percentage{position:absolute;color:var(--percentage-color,var(--scrolling-track-precentage-default-color))}.elementor-scrolling-tracker-circular svg{position:absolute}.elementor-scrolling-tracker-circular .current-progress{display:none;transform:rotate(-90deg);transform-origin:50% 50%;stroke:var(--circular-color,var(--scrolling-track-default-progress-color));fill:transparent;stroke-width:var(--circular-progress-width,4px)}.elementor-scrolling-tracker-circular .circle{stroke:var(--circular-background-color,var(--scrolling-track-default-color));fill:transparent;stroke-width:var(--circular-background-width,4px)}.elementor-scrolling-tracker-alignment-left{margin-left:0;margin-right:auto}.elementor-scrolling-tracker-alignment-center{margin-left:auto;margin-right:auto}.elementor-scrolling-tracker-alignment-right{margin-left:auto;margin-right:0}.e-con-inner>.elementor-widget-progress-tracker,.e-con>.elementor-widget-progress-tracker{width:var(--container-widget-width);--flex-grow:var(--container-widget-flex-grow)}<\/style>\n\t\t<div class=\"elementor-scrolling-tracker elementor-scrolling-tracker-horizontal elementor-scrolling-tracker-alignment-\">\n\t\t\t\t\t\t<div class=\"current-progress\">\n\t\t\t\t\t<div class=\"current-progress-percentage\"><\/div>\n\t\t\t\t<\/div>\n\t\t\t\t<\/div>\n\t\t\t\t<\/div>\n\t\t\t\t<\/div>\n\t\t\t\t<\/div>\n\t\t\t\t<\/div>\n\t\t<div class=\"elementor-element elementor-element-61c656e e-con-full e-flex e-con e-parent\" data-id=\"61c656e\" data-element_type=\"container\" data-settings=\"{&quot;background_background&quot;:&quot;gradient&quot;}\">\n\t\t<div class=\"elementor-element elementor-element-01d5eb8 e-flex e-con-boxed e-con e-child\" data-id=\"01d5eb8\" data-element_type=\"container\">\n\t\t\t\t\t<div class=\"e-con-inner\">\n\t\t<div class=\"elementor-element elementor-element-e62de70 e-con-full e-flex e-con e-child\" data-id=\"e62de70\" data-element_type=\"container\" data-settings=\"{&quot;background_background&quot;:&quot;classic&quot;}\">\n\t\t\t\t<div class=\"elementor-element elementor-element-9de75af elementor-widget elementor-widget-heading\" data-id=\"9de75af\" data-element_type=\"widget\" data-widget_type=\"heading.default\">\n\t\t\t\t<div class=\"elementor-widget-container\">\n\t\t\t<style>\/*! elementor - v3.21.0 - 20-05-2024 *\/\n.elementor-heading-title{padding:0;margin:0;line-height:1}.elementor-widget-heading .elementor-heading-title[class*=elementor-size-]>a{color:inherit;font-size:inherit;line-height:inherit}.elementor-widget-heading .elementor-heading-title.elementor-size-small{font-size:15px}.elementor-widget-heading .elementor-heading-title.elementor-size-medium{font-size:19px}.elementor-widget-heading .elementor-heading-title.elementor-size-large{font-size:29px}.elementor-widget-heading .elementor-heading-title.elementor-size-xl{font-size:39px}.elementor-widget-heading .elementor-heading-title.elementor-size-xxl{font-size:59px}<\/style><h1 class=\"elementor-heading-title elementor-size-default\">Services<\/h1>\t\t<\/div>\n\t\t\t\t<\/div>\n\t\t\t\t<div class=\"elementor-element elementor-element-69856a2 elementor-widget elementor-widget-heading\" data-id=\"69856a2\" data-element_type=\"widget\" data-widget_type=\"heading.default\">\n\t\t\t\t<div class=\"elementor-widget-container\">\n\t\t\t<h2 class=\"elementor-heading-title elementor-size-default\">Projets sur mesure : nous r\u00e9alisons toutes sortes de travaux pour des projets de construction, de conception, d'architecture et des projets priv\u00e9s : nous travaillons pour r\u00e9pondre aux besoins de l'industrie ainsi qu'\u00e0 ceux du client final qui a un projet en t\u00eate ! Laissez-vous inspirer par nos meilleurs travaux.<\/h2>\t\t<\/div>\n\t\t\t\t<\/div>\n\t\t\t\t<\/div>\n\t\t<div class=\"elementor-element elementor-element-801a16e e-con-full elementor-hidden-mobile e-flex e-con e-child\" data-id=\"801a16e\" data-element_type=\"container\">\n\t\t\t\t<\/div>\n\t\t\t\t\t<\/div>\n\t\t\t\t<\/div>\n\t\t\t\t<\/div>\n\t\t<div class=\"elementor-element elementor-element-2aab78f e-flex e-con-boxed e-con e-parent\" data-id=\"2aab78f\" data-element_type=\"container\">\n\t\t\t\t\t<div class=\"e-con-inner\">\n\t\t<a class=\"elementor-element elementor-element-6f93bdb e-con-full e-flex e-con e-child\" data-id=\"6f93bdb\" data-element_type=\"container\" data-settings=\"{&quot;background_background&quot;:&quot;classic&quot;}\" href=\"https:\/\/pedrasmc.com\/inspiracao\/#cozinhas\">\n\t\t\t\t<div class=\"elementor-element elementor-element-9545126 elementor-widget__width-auto service-title elementor-widget elementor-widget-heading\" data-id=\"9545126\" data-element_type=\"widget\" data-widget_type=\"heading.default\">\n\t\t\t\t<div class=\"elementor-widget-container\">\n\t\t\t<h2 class=\"elementor-heading-title elementor-size-default\"><br> Services priv\u00e9s<\/h2>\t\t<\/div>\n\t\t\t\t<\/div>\n\t\t\t\t<\/a>\n\t\t<a class=\"elementor-element elementor-element-e1dcee1 e-con-full e-flex e-con e-child\" data-id=\"e1dcee1\" data-element_type=\"container\" data-settings=\"{&quot;background_background&quot;:&quot;classic&quot;}\" href=\"https:\/\/pedrasmc.com\/inspiracao\/#comerciais\">\n\t\t\t\t<div class=\"elementor-element elementor-element-aec78c4 elementor-widget__width-auto service-title elementor-widget elementor-widget-heading\" data-id=\"aec78c4\" data-element_type=\"widget\" data-widget_type=\"heading.default\">\n\t\t\t\t<div class=\"elementor-widget-container\">\n\t\t\t<h2 class=\"elementor-heading-title elementor-size-default\">Entreprises<\/h2>\t\t<\/div>\n\t\t\t\t<\/div>\n\t\t\t\t<\/a>\n\t\t\t\t\t<\/div>\n\t\t\t\t<\/div>\n\t\t<div class=\"elementor-element elementor-element-12910e1 e-flex e-con-boxed e-con e-parent\" data-id=\"12910e1\" data-element_type=\"container\">\n\t\t\t\t\t<div class=\"e-con-inner\">\n\t\t\t\t<div class=\"elementor-element elementor-element-84a6977 elementor-widget elementor-widget-image-carousel\" data-id=\"84a6977\" data-element_type=\"widget\" data-settings=\"{&quot;slides_to_show&quot;:&quot;4&quot;,&quot;navigation&quot;:&quot;none&quot;,&quot;image_spacing_custom&quot;:{&quot;unit&quot;:&quot;px&quot;,&quot;size&quot;:0,&quot;sizes&quot;:[]},&quot;slides_to_show_mobile&quot;:&quot;2&quot;,&quot;slides_to_show_tablet&quot;:&quot;4&quot;,&quot;autoplay&quot;:&quot;yes&quot;,&quot;pause_on_hover&quot;:&quot;yes&quot;,&quot;pause_on_interaction&quot;:&quot;yes&quot;,&quot;autoplay_speed&quot;:5000,&quot;infinite&quot;:&quot;yes&quot;,&quot;speed&quot;:500,&quot;image_spacing_custom_laptop&quot;:{&quot;unit&quot;:&quot;px&quot;,&quot;size&quot;:&quot;&quot;,&quot;sizes&quot;:[]},&quot;image_spacing_custom_tablet&quot;:{&quot;unit&quot;:&quot;px&quot;,&quot;size&quot;:&quot;&quot;,&quot;sizes&quot;:[]},&quot;image_spacing_custom_mobile&quot;:{&quot;unit&quot;:&quot;px&quot;,&quot;size&quot;:&quot;&quot;,&quot;sizes&quot;:[]}}\" data-widget_type=\"image-carousel.default\">\n\t\t\t\t<div class=\"elementor-widget-container\">\n\t\t\t<style>\/*! elementor - v3.21.0 - 20-05-2024 *\/\n.elementor-widget-image-carousel .swiper,.elementor-widget-image-carousel .swiper-container{position:static}.elementor-widget-image-carousel .swiper-container .swiper-slide figure,.elementor-widget-image-carousel .swiper .swiper-slide figure{line-height:inherit}.elementor-widget-image-carousel .swiper-slide{text-align:center}.elementor-image-carousel-wrapper:not(.swiper-container-initialized):not(.swiper-initialized) .swiper-slide{max-width:calc(100% \/ var(--e-image-carousel-slides-to-show, 3))}<\/style>\t\t<div class=\"elementor-image-carousel-wrapper swiper\" dir=\"ltr\">\n\t\t\t<div class=\"elementor-image-carousel swiper-wrapper\" aria-live=\"off\">\n\t\t\t\t\t\t\t\t<div class=\"swiper-slide\" role=\"group\" aria-roledescription=\"slide\" aria-label=\"1 sur 4\"><figure class=\"swiper-slide-inner\"><img decoding=\"async\" class=\"swiper-slide-image\" src=\"https:\/\/pedrasmc.com\/wp-content\/uploads\/2024\/05\/assimagracolor-300x300-1.png\" alt=\"assimagracolor-300x300 1\" \/><\/figure><\/div><div class=\"swiper-slide\" role=\"group\" aria-roledescription=\"slide\" aria-label=\"2 sur 4\"><figure class=\"swiper-slide-inner\"><img decoding=\"async\" class=\"swiper-slide-image\" src=\"https:\/\/pedrasmc.com\/wp-content\/uploads\/2024\/05\/aicepcolor-300x300-1.png\" alt=\"aicepcolor-300x300 1\" \/><\/figure><\/div><div class=\"swiper-slide\" role=\"group\" aria-roledescription=\"slide\" aria-label=\"3 sur 4\"><figure class=\"swiper-slide-inner\"><img decoding=\"async\" class=\"swiper-slide-image\" src=\"https:\/\/pedrasmc.com\/wp-content\/uploads\/2024\/05\/dekton-300x300-1.png\" alt=\"dekton-300x300 1\" \/><\/figure><\/div><div class=\"swiper-slide\" role=\"group\" aria-roledescription=\"slide\" aria-label=\"4 sur 4\"><figure class=\"swiper-slide-inner\"><img decoding=\"async\" class=\"swiper-slide-image\" src=\"https:\/\/pedrasmc.com\/wp-content\/uploads\/2024\/05\/solestonecolor-300x300-1.png\" alt=\"solestonecolor-300x300 1\" \/><\/figure><\/div>\t\t\t<\/div>\n\t\t\t\t\t\t\t\n\t\t\t\t\t\t\t\t\t<\/div>\n\t\t\t\t<\/div>\n\t\t\t\t<\/div>\n\t\t\t\t\t<\/div>\n\t\t\t\t<\/div>\n\t\t<div class=\"elementor-element elementor-element-c5522d8 e-con-full elementor-hidden-tablet elementor-hidden-mobile e-flex e-con e-parent\" data-id=\"c5522d8\" data-element_type=\"container\">\n\t\t<div class=\"elementor-element elementor-element-d636560 e-con-full e-flex e-con e-child\" data-id=\"d636560\" data-element_type=\"container\" data-settings=\"{&quot;background_background&quot;:&quot;classic&quot;}\">\n\t\t\t\t<\/div>\n\t\t\t\t<\/div>\n\t\t<div class=\"elementor-element elementor-element-4f95ec4 elementor-hidden-tablet elementor-hidden-mobile e-flex e-con-boxed e-con e-parent\" data-id=\"4f95ec4\" data-element_type=\"container\" data-settings=\"{&quot;background_background&quot;:&quot;gradient&quot;}\">\n\t\t\t\t\t<div class=\"e-con-inner\">\n\t\t<div class=\"elementor-element elementor-element-c7dd2e3 e-con-full e-flex e-con e-child\" data-id=\"c7dd2e3\" data-element_type=\"container\">\n\t\t\t\t<div class=\"elementor-element elementor-element-14131f3 elementor-widget elementor-widget-heading\" data-id=\"14131f3\" data-element_type=\"widget\" data-widget_type=\"heading.default\">\n\t\t\t\t<div class=\"elementor-widget-container\">\n\t\t\t<h2 class=\"elementor-heading-title elementor-size-default\"><br>Avez-vous vu notre portefeuille ?<\/h2>\t\t<\/div>\n\t\t\t\t<\/div>\n\t\t\t\t<\/div>\n\t\t<div class=\"elementor-element elementor-element-d427c00 e-con-full e-flex e-con e-child\" data-id=\"d427c00\" data-element_type=\"container\" data-settings=\"{&quot;background_background&quot;:&quot;classic&quot;}\">\n\t\t\t\t<div class=\"elementor-element elementor-element-938280a elementor-widget elementor-widget-heading\" data-id=\"938280a\" data-element_type=\"widget\" data-widget_type=\"heading.default\">\n\t\t\t\t<div class=\"elementor-widget-container\">\n\t\t\t<h2 class=\"elementor-heading-title elementor-size-default\"><br> Connaissez-vous le mat\u00e9riel que vous recherchez ?<\/h2>\t\t<\/div>\n\t\t\t\t<\/div>\n\t\t\t\t<\/div>\n\t\t\t\t\t<\/div>\n\t\t\t\t<\/div>\n\t\t<div class=\"elementor-element elementor-element-f0b045e elementor-hidden-tablet elementor-hidden-mobile e-flex e-con-boxed e-con e-parent\" data-id=\"f0b045e\" data-element_type=\"container\" data-settings=\"{&quot;background_background&quot;:&quot;gradient&quot;}\">\n\t\t\t\t\t<div class=\"e-con-inner\">\n\t\t<div class=\"elementor-element elementor-element-e230110 e-con-full e-flex e-con e-child\" data-id=\"e230110\" data-element_type=\"container\" data-settings=\"{&quot;background_background&quot;:&quot;classic&quot;}\">\n\t\t\t\t<div class=\"elementor-element elementor-element-a246d96 elementor-widget elementor-widget-button\" data-id=\"a246d96\" data-element_type=\"widget\" data-widget_type=\"button.default\">\n\t\t\t\t<div class=\"elementor-widget-container\">\n\t\t\t\t\t<div class=\"elementor-button-wrapper\">\n\t\t\t<a class=\"elementor-button elementor-button-link elementor-size-sm\" href=\"#\">\n\t\t\t\t\t\t<span class=\"elementor-button-content-wrapper\">\n\t\t\t\t\t\t\t\t\t<span class=\"elementor-button-text\">VOIR TOUS LES PROJETS<\/span>\n\t\t\t\t\t<\/span>\n\t\t\t\t\t<\/a>\n\t\t<\/div>\n\t\t\t\t<\/div>\n\t\t\t\t<\/div>\n\t\t\t\t<\/div>\n\t\t<div class=\"elementor-element elementor-element-e9eacd5 e-con-full e-flex e-con e-child\" data-id=\"e9eacd5\" data-element_type=\"container\">\n\t\t\t\t<div class=\"elementor-element elementor-element-4003be1 elementor-widget elementor-widget-button\" data-id=\"4003be1\" data-element_type=\"widget\" data-widget_type=\"button.default\">\n\t\t\t\t<div class=\"elementor-widget-container\">\n\t\t\t\t\t<div class=\"elementor-button-wrapper\">\n\t\t\t<a class=\"elementor-button elementor-button-link elementor-size-sm\" href=\"#\">\n\t\t\t\t\t\t<span class=\"elementor-button-content-wrapper\">\n\t\t\t\t\t\t\t\t\t<span class=\"elementor-button-text\">D\u00c9COUVREZ NOS MAT\u00c9RIAUX<\/span>\n\t\t\t\t\t<\/span>\n\t\t\t\t\t<\/a>\n\t\t<\/div>\n\t\t\t\t<\/div>\n\t\t\t\t<\/div>\n\t\t\t\t<\/div>\n\t\t\t\t\t<\/div>\n\t\t\t\t<\/div>\n\t\t<div class=\"elementor-element elementor-element-c38b3a2 e-con-full elementor-hidden-desktop elementor-hidden-laptop e-flex e-con e-parent\" data-id=\"c38b3a2\" data-element_type=\"container\">\n\t\t<div class=\"elementor-element elementor-element-0e509a1 e-con-full e-flex e-con e-child\" data-id=\"0e509a1\" data-element_type=\"container\">\n\t\t\t\t<div class=\"elementor-element elementor-element-c5f33a1 elementor-widget elementor-widget-heading\" data-id=\"c5f33a1\" data-element_type=\"widget\" data-widget_type=\"heading.default\">\n\t\t\t\t<div class=\"elementor-widget-container\">\n\t\t\t<h2 class=\"elementor-heading-title elementor-size-default\">Vous connaissez d\u00e9j\u00e0 notre portefeuille ?<\/h2>\t\t<\/div>\n\t\t\t\t<\/div>\n\t\t\t\t<\/div>\n\t\t<div class=\"elementor-element elementor-element-977644b e-con-full e-flex e-con e-child\" data-id=\"977644b\" data-element_type=\"container\" data-settings=\"{&quot;background_background&quot;:&quot;classic&quot;}\">\n\t\t\t\t<div class=\"elementor-element elementor-element-e380d16 elementor-widget elementor-widget-heading\" data-id=\"e380d16\" data-element_type=\"widget\" data-widget_type=\"heading.default\">\n\t\t\t\t<div class=\"elementor-widget-container\">\n\t\t\t<h2 class=\"elementor-heading-title elementor-size-default\"><a href=\"https:\/\/pedrasmc.com\/inspiracao-notused\/\">VOIR TOUS LES PROJETS<\/a><\/h2>\t\t<\/div>\n\t\t\t\t<\/div>\n\t\t\t\t<\/div>\n\t\t<div class=\"elementor-element elementor-element-513a944 e-con-full e-flex e-con e-child\" data-id=\"513a944\" data-element_type=\"container\">\n\t\t\t\t<div class=\"elementor-element elementor-element-6393aba elementor-widget elementor-widget-image\" data-id=\"6393aba\" data-element_type=\"widget\" data-widget_type=\"image.default\">\n\t\t\t\t<div class=\"elementor-widget-container\">\n\t\t\t<style>\/*! elementor - v3.21.0 - 20-05-2024 *\/\n.elementor-widget-image{text-align:center}.elementor-widget-image a{display:inline-block}.elementor-widget-image a img[src$=\".svg\"]{width:48px}.elementor-widget-image img{vertical-align:middle;display:inline-block}<\/style>\t\t\t\t\t\t\t\t\t\t<img fetchpriority=\"high\" decoding=\"async\" width=\"800\" height=\"534\" src=\"https:\/\/pedrasmc.com\/wp-content\/uploads\/2024\/05\/near_footer.jpg\" class=\"attachment-large size-large wp-image-1738\" alt=\"\" srcset=\"https:\/\/pedrasmc.com\/wp-content\/uploads\/2024\/05\/near_footer.jpg 1024w, https:\/\/pedrasmc.com\/wp-content\/uploads\/2024\/05\/near_footer-300x200.jpg 300w, https:\/\/pedrasmc.com\/wp-content\/uploads\/2024\/05\/near_footer-768x512.jpg 768w\" sizes=\"(max-width: 800px) 100vw, 800px\" \/>\t\t\t\t\t\t\t\t\t\t\t\t\t<\/div>\n\t\t\t\t<\/div>\n\t\t\t\t<\/div>\n\t\t<div class=\"elementor-element elementor-element-6541f6a e-con-full e-flex e-con e-child\" data-id=\"6541f6a\" data-element_type=\"container\" data-settings=\"{&quot;background_background&quot;:&quot;classic&quot;}\">\n\t\t\t\t<div class=\"elementor-element elementor-element-0916d81 elementor-widget elementor-widget-heading\" data-id=\"0916d81\" data-element_type=\"widget\" data-widget_type=\"heading.default\">\n\t\t\t\t<div class=\"elementor-widget-container\">\n\t\t\t<h2 class=\"elementor-heading-title elementor-size-default\">Connaissez-vous le mat\u00e9riel que vous recherchez ?<\/h2>\t\t<\/div>\n\t\t\t\t<\/div>\n\t\t\t\t<\/div>\n\t\t<div class=\"elementor-element elementor-element-a741339 e-con-full e-flex e-con e-child\" data-id=\"a741339\" data-element_type=\"container\" data-settings=\"{&quot;background_background&quot;:&quot;classic&quot;}\">\n\t\t\t\t<div class=\"elementor-element elementor-element-116e557 elementor-widget elementor-widget-heading\" data-id=\"116e557\" data-element_type=\"widget\" data-widget_type=\"heading.default\">\n\t\t\t\t<div class=\"elementor-widget-container\">\n\t\t\t<h2 class=\"elementor-heading-title elementor-size-default\"><a href=\"https:\/\/pedrasmc.com\/materiais\/\">D\u00c9COUVREZ NOS MAT\u00c9RIAUX<\/a><\/h2>\t\t<\/div>\n\t\t\t\t<\/div>\n\t\t\t\t<\/div>\n\t\t\t\t<\/div>\n\t\t\t\t<\/div>\n\t\t","protected":false},"excerpt":{"rendered":"<p>Services Projets sur mesure : nous r\u00e9alisons toutes sortes de travaux pour des projets de construction, de conception, d&rsquo;architecture et des projets priv\u00e9s : nous travaillons pour r\u00e9pondre aux besoins de l&rsquo;industrie ainsi qu&rsquo;\u00e0 ceux du client final qui a un projet en t\u00eate ! Laissez-vous inspirer par nos meilleurs travaux. Services priv\u00e9s Entreprises Avez-vous [&hellip;]<\/p>\n","protected":false},"author":1,"featured_media":0,"parent":0,"menu_order":0,"comment_status":"closed","ping_status":"closed","template":"elementor_header_footer","meta":{"footnotes":""},"class_list":["post-9321","page","type-page","status-publish","hentry"],"acf":[],"_links":{"self":[{"href":"https:\/\/pedrasmc.com\/fr\/wp-json\/wp\/v2\/pages\/9321","targetHints":{"allow":["GET"]}}],"collection":[{"href":"https:\/\/pedrasmc.com\/fr\/wp-json\/wp\/v2\/pages"}],"about":[{"href":"https:\/\/pedrasmc.com\/fr\/wp-json\/wp\/v2\/types\/page"}],"author":[{"embeddable":true,"href":"https:\/\/pedrasmc.com\/fr\/wp-json\/wp\/v2\/users\/1"}],"replies":[{"embeddable":true,"href":"https:\/\/pedrasmc.com\/fr\/wp-json\/wp\/v2\/comments?post=9321"}],"version-history":[{"count":1,"href":"https:\/\/pedrasmc.com\/fr\/wp-json\/wp\/v2\/pages\/9321\/revisions"}],"predecessor-version":[{"id":9324,"href":"https:\/\/pedrasmc.com\/fr\/wp-json\/wp\/v2\/pages\/9321\/revisions\/9324"}],"wp:attachment":[{"href":"https:\/\/pedrasmc.com\/fr\/wp-json\/wp\/v2\/media?parent=9321"}],"curies":[{"name":"wp","href":"https:\/\/api.w.org\/{rel}","templated":true}]}}